{"id":102,"date":"2022-06-18T08:47:19","date_gmt":"2022-06-18T06:47:19","guid":{"rendered":"https:\/\/saint-helier-cordo.fr\/?page_id=102"},"modified":"2022-06-19T10:04:31","modified_gmt":"2022-06-19T08:04:31","slug":"realisations","status":"publish","type":"page","link":"https:\/\/saint-helier-cordo.fr\/index.php\/realisations\/","title":{"rendered":"R\u00e9alisations"},"content":{"rendered":"\n<p>Retrouvez sur cette page des exemples de r\u00e9alisation de votre cordonnerie Saint-H\u00e9lier \u00e0 Rennes<\/p>\n\n\n\t\t\t\t\t\t\t\t\t\t<style>\n\t\t\t\t\t.bafg-gallery-row.gallery-id-\n\n\t\t\t\t\t31\t\t\t\t\t.bafg-slider-info {\n\t\t\t\t\t\tdisplay: none !important\n\t\t\t\t\t}\n\t\t\t\t<\/style>\n\t\t\t\n\t\t\t<div class=\"bafg-row bafg-gallery-row gallery-id-31\">\n\t\t\t\t<div class=\"bafg-col-6\">\n\t\t\t\n\t<style type=\"text\/css\">\n\t\t.slider-info-196.bafg-slider-info .bafg-slider-title {\n\t\t\t\t\t\t\tfont-size:\n\t\t\t\t\t22px\t\t\t\t;\n\t\t\t\n\t\t\t\n\t\t\t\t\t}\n\n\t\t.slider-info-196.bafg-slider-info .bafg-slider-description {\n\t\t\t\n\t\t\t\n\t\t\t\t\t}\n\t\t\n\t\t\n\t\t.slider-info-196.bafg-slider-info .bafg_slider_readmore_button {\n\t\t\t\n\t\t\t\n\t\t\t\n\t\t\t\n\t\t\t\n\t\t\ttext-align: center;\n\n\t\t\t\n\t\t\t\n\t\t\t\n\t\t\t\n\t\t\t\t\t}\n\n\t\t.slider-info-196.bafg-slider-info .bafg_slider_readmore_button:hover {\n\n\t\t\t\n\t\t\t\n\t\t\t\t\t}\n\t<\/style>\n\t\n\t\t\t<div class=\"bafg-twentytwenty-container slider-196  \"\n\t\t\t\tbafg-orientation=\"horizontal\" bafg-default-offset=\"0.5\"\n\t\t\t\tbafg-before-label=\"Avant\"\n\t\t\t\tbafg-after-label=\"Apr\u00e8s\" bafg-overlay=\"1\"\n\t\t\t\tbafg-move-slider-on-hover=\"\"\n\t\t\t\tbafg-click-to-move=\"\">\n\n\t\t\t\t\t\t\t\t<img class=\"skip-lazy\" data-skip-lazy\t\t\t\t\tsrc=\"https:\/\/saint-helier-cordo.fr\/wp-content\/uploads\/2022\/06\/WhatsApp-Image-2022-06-17-at-18.07.27-3.jpeg\" alt=\"Semelle sandale avant\">\n\t\t\t\t<img class=\"skip-lazy\" data-skip-lazy\t\t\t\t\tsrc=\"https:\/\/saint-helier-cordo.fr\/wp-content\/uploads\/2022\/06\/WhatsApp-Image-2022-06-17-at-18.07.27-2.jpeg\" alt=\"Semelle sandale apr\u00e8s\">\n\n\t\t\t<\/div>\n\n\t\t\t\t<div class=\"bafg-slider-info-wraper\">\n\t\t<div style=\"\" class=\"slider-info-196 bafg-slider-info\">\n\t\t\t\t\t\t\t<h2 class=\"bafg-slider-title\">R\u00e9paration de sandales 1\/2<\/h2>\n\t\t\t\t\t\t\t\t<div class=\"bafg-slider-description\">\n\t\t\t\t\tVos sandales on besoin d&#039;un coup de jeune ? Le ressemelage de vos sandales pr\u00e9f\u00e9r\u00e9es, c&#039;est possible ! N&#039;h\u00e9sitez pas \u00e0 venir en boutique et nous verrons ensemble ce qu&#039;il est possible de faire \ud83d\ude0a\t\t\t\t<\/div>\n\t\t\t\t\t\t<\/div>\n\t<\/div>\n\t\n\t\t\t<style type=\"text\/css\">\n\t\t\t\t\t\t\t\t\t\t\t<\/style>\n\t\t\t<\/div><div class=\"bafg-col-6\">\n\t\t\t\n\t<style type=\"text\/css\">\n\t\t.slider-info-191.bafg-slider-info .bafg-slider-title {\n\t\t\t\t\t\t\tfont-size:\n\t\t\t\t\t22px\t\t\t\t;\n\t\t\t\n\t\t\t\n\t\t\t\t\t}\n\n\t\t.slider-info-191.bafg-slider-info .bafg-slider-description {\n\t\t\t\n\t\t\t\n\t\t\t\t\t}\n\t\t\n\t\t\n\t\t.slider-info-191.bafg-slider-info .bafg_slider_readmore_button {\n\t\t\t\n\t\t\t\n\t\t\t\n\t\t\t\n\t\t\t\n\t\t\ttext-align: center;\n\n\t\t\t\n\t\t\t\n\t\t\t\n\t\t\t\n\t\t\t\t\t}\n\n\t\t.slider-info-191.bafg-slider-info .bafg_slider_readmore_button:hover {\n\n\t\t\t\n\t\t\t\n\t\t\t\t\t}\n\t<\/style>\n\t\n\t\t\t<div class=\"bafg-twentytwenty-container slider-191  \"\n\t\t\t\tbafg-orientation=\"horizontal\" bafg-default-offset=\"0.7\"\n\t\t\t\tbafg-before-label=\"Avant\"\n\t\t\t\tbafg-after-label=\"Apr\u00e8s\" bafg-overlay=\"1\"\n\t\t\t\tbafg-move-slider-on-hover=\"\"\n\t\t\t\tbafg-click-to-move=\"\">\n\n\t\t\t\t\t\t\t\t<img class=\"skip-lazy\" data-skip-lazy\t\t\t\t\tsrc=\"https:\/\/saint-helier-cordo.fr\/wp-content\/uploads\/2022\/06\/WhatsApp-Image-2022-06-17-at-18.07.27-1.jpeg\" alt=\"Sandale avant\">\n\t\t\t\t<img class=\"skip-lazy\" data-skip-lazy\t\t\t\t\tsrc=\"https:\/\/saint-helier-cordo.fr\/wp-content\/uploads\/2022\/06\/WhatsApp-Image-2022-06-17-at-18.07.27.jpeg\" alt=\"Sandale apr\u00e8s\">\n\n\t\t\t<\/div>\n\n\t\t\t\t<div class=\"bafg-slider-info-wraper\">\n\t\t<div style=\"\" class=\"slider-info-191 bafg-slider-info\">\n\t\t\t\t\t\t\t<h2 class=\"bafg-slider-title\">R\u00e9paration de sandales 2\/2<\/h2>\n\t\t\t\t\t\t<\/div>\n\t<\/div>\n\t\n\t\t\t<style type=\"text\/css\">\n\t\t\t\t\t\t\t\t\t\t\t<\/style>\n\t\t\t<\/div>\t\t\t<\/div>\n\t\t\t\n","protected":false},"excerpt":{"rendered":"<p>Retrouvez sur cette page des exemples de r\u00e9alisation de votre cordonnerie Saint-H\u00e9lier \u00e0 Rennes<\/p>\n","protected":false},"author":2,"featured_media":0,"parent":0,"menu_order":0,"comment_status":"closed","ping_status":"closed","template":"","meta":{"footnotes":""},"class_list":["post-102","page","type-page","status-publish","hentry"],"yoast_head":"<!-- This site is optimized with the Yoast SEO plugin v27.4 - https:\/\/yoast.com\/product\/yoast-seo-wordpress\/ -->\n<title>R\u00e9alisations - Cordonnerie Saint-H\u00e9lier<\/title>\n<meta name=\"description\" content=\"Retrouvez des exemples de r\u00e9alisations de votre cordonnerie Saint-H\u00e9lier \u00e0 Rennes. Si vous avez des questions n&#039;h\u00e9sitez pas \u00e0 venir nous voir.\" \/>\n<meta name=\"robots\" content=\"index, follow, max-snippet:-1, max-image-preview:large, max-video-preview:-1\" \/>\n<link rel=\"canonical\" href=\"https:\/\/saint-helier-cordo.fr\/index.php\/realisations\/\" \/>\n<meta property=\"og:locale\" content=\"fr_FR\" \/>\n<meta property=\"og:type\" content=\"article\" \/>\n<meta property=\"og:title\" content=\"R\u00e9alisations - Cordonnerie Saint-H\u00e9lier\" \/>\n<meta property=\"og:description\" content=\"Retrouvez des exemples de r\u00e9alisations de votre cordonnerie Saint-H\u00e9lier \u00e0 Rennes. Si vous avez des questions n&#039;h\u00e9sitez pas \u00e0 venir nous voir.\" \/>\n<meta property=\"og:url\" content=\"https:\/\/saint-helier-cordo.fr\/index.php\/realisations\/\" \/>\n<meta property=\"og:site_name\" content=\"Cordonnerie Saint-H\u00e9lier\" \/>\n<meta property=\"article:publisher\" content=\"https:\/\/www.facebook.com\/Cordonnerie-Saint-Hlier-116878214343451\" \/>\n<meta property=\"article:modified_time\" content=\"2022-06-19T08:04:31+00:00\" \/>\n<meta name=\"twitter:card\" content=\"summary_large_image\" \/>\n<meta name=\"twitter:label1\" content=\"Dur\u00e9e de lecture estim\u00e9e\" \/>\n\t<meta name=\"twitter:data1\" content=\"1 minute\" \/>\n<script type=\"application\/ld+json\" class=\"yoast-schema-graph\">{\"@context\":\"https:\\\/\\\/schema.org\",\"@graph\":[{\"@type\":\"WebPage\",\"@id\":\"https:\\\/\\\/saint-helier-cordo.fr\\\/index.php\\\/realisations\\\/\",\"url\":\"https:\\\/\\\/saint-helier-cordo.fr\\\/index.php\\\/realisations\\\/\",\"name\":\"R\u00e9alisations - Cordonnerie Saint-H\u00e9lier\",\"isPartOf\":{\"@id\":\"https:\\\/\\\/saint-helier-cordo.fr\\\/#website\"},\"datePublished\":\"2022-06-18T06:47:19+00:00\",\"dateModified\":\"2022-06-19T08:04:31+00:00\",\"description\":\"Retrouvez des exemples de r\u00e9alisations de votre cordonnerie Saint-H\u00e9lier \u00e0 Rennes. Si vous avez des questions n'h\u00e9sitez pas \u00e0 venir nous voir.\",\"breadcrumb\":{\"@id\":\"https:\\\/\\\/saint-helier-cordo.fr\\\/index.php\\\/realisations\\\/#breadcrumb\"},\"inLanguage\":\"fr-FR\",\"potentialAction\":[{\"@type\":\"ReadAction\",\"target\":[\"https:\\\/\\\/saint-helier-cordo.fr\\\/index.php\\\/realisations\\\/\"]}]},{\"@type\":\"BreadcrumbList\",\"@id\":\"https:\\\/\\\/saint-helier-cordo.fr\\\/index.php\\\/realisations\\\/#breadcrumb\",\"itemListElement\":[{\"@type\":\"ListItem\",\"position\":1,\"name\":\"Accueil\",\"item\":\"https:\\\/\\\/saint-helier-cordo.fr\\\/\"},{\"@type\":\"ListItem\",\"position\":2,\"name\":\"R\u00e9alisations\"}]},{\"@type\":\"WebSite\",\"@id\":\"https:\\\/\\\/saint-helier-cordo.fr\\\/#website\",\"url\":\"https:\\\/\\\/saint-helier-cordo.fr\\\/\",\"name\":\"Cordonnerie Saint-H\u00e9lier\",\"description\":\"Venez r\u00e9parer vos chaussures et faire vos doubles de cl\u00e9s dans votre cordonnerie Saint-H\u00e9lier \u00e0 Rennes.\",\"publisher\":{\"@id\":\"https:\\\/\\\/saint-helier-cordo.fr\\\/#organization\"},\"potentialAction\":[{\"@type\":\"SearchAction\",\"target\":{\"@type\":\"EntryPoint\",\"urlTemplate\":\"https:\\\/\\\/saint-helier-cordo.fr\\\/?s={search_term_string}\"},\"query-input\":{\"@type\":\"PropertyValueSpecification\",\"valueRequired\":true,\"valueName\":\"search_term_string\"}}],\"inLanguage\":\"fr-FR\"},{\"@type\":\"Organization\",\"@id\":\"https:\\\/\\\/saint-helier-cordo.fr\\\/#organization\",\"name\":\"Cordonnerie Saint-H\u00e9lier\",\"url\":\"https:\\\/\\\/saint-helier-cordo.fr\\\/\",\"logo\":{\"@type\":\"ImageObject\",\"inLanguage\":\"fr-FR\",\"@id\":\"https:\\\/\\\/saint-helier-cordo.fr\\\/#\\\/schema\\\/logo\\\/image\\\/\",\"url\":\"https:\\\/\\\/saint-helier-cordo.fr\\\/wp-content\\\/uploads\\\/2022\\\/05\\\/Logo-Cordonnerie-Saint-Helier-Final-bleu.png\",\"contentUrl\":\"https:\\\/\\\/saint-helier-cordo.fr\\\/wp-content\\\/uploads\\\/2022\\\/05\\\/Logo-Cordonnerie-Saint-Helier-Final-bleu.png\",\"width\":1685,\"height\":1709,\"caption\":\"Cordonnerie Saint-H\u00e9lier\"},\"image\":{\"@id\":\"https:\\\/\\\/saint-helier-cordo.fr\\\/#\\\/schema\\\/logo\\\/image\\\/\"},\"sameAs\":[\"https:\\\/\\\/www.facebook.com\\\/Cordonnerie-Saint-Hlier-116878214343451\",\"https:\\\/\\\/www.instagram.com\\\/cordonneriesainthelier\\\/\"]}]}<\/script>\n<!-- \/ Yoast SEO plugin. -->","yoast_head_json":{"title":"R\u00e9alisations - Cordonnerie Saint-H\u00e9lier","description":"Retrouvez des exemples de r\u00e9alisations de votre cordonnerie Saint-H\u00e9lier \u00e0 Rennes. Si vous avez des questions n'h\u00e9sitez pas \u00e0 venir nous voir.","robots":{"index":"index","follow":"follow","max-snippet":"max-snippet:-1","max-image-preview":"max-image-preview:large","max-video-preview":"max-video-preview:-1"},"canonical":"https:\/\/saint-helier-cordo.fr\/index.php\/realisations\/","og_locale":"fr_FR","og_type":"article","og_title":"R\u00e9alisations - Cordonnerie Saint-H\u00e9lier","og_description":"Retrouvez des exemples de r\u00e9alisations de votre cordonnerie Saint-H\u00e9lier \u00e0 Rennes. Si vous avez des questions n'h\u00e9sitez pas \u00e0 venir nous voir.","og_url":"https:\/\/saint-helier-cordo.fr\/index.php\/realisations\/","og_site_name":"Cordonnerie Saint-H\u00e9lier","article_publisher":"https:\/\/www.facebook.com\/Cordonnerie-Saint-Hlier-116878214343451","article_modified_time":"2022-06-19T08:04:31+00:00","twitter_card":"summary_large_image","twitter_misc":{"Dur\u00e9e de lecture estim\u00e9e":"1 minute"},"schema":{"@context":"https:\/\/schema.org","@graph":[{"@type":"WebPage","@id":"https:\/\/saint-helier-cordo.fr\/index.php\/realisations\/","url":"https:\/\/saint-helier-cordo.fr\/index.php\/realisations\/","name":"R\u00e9alisations - Cordonnerie Saint-H\u00e9lier","isPartOf":{"@id":"https:\/\/saint-helier-cordo.fr\/#website"},"datePublished":"2022-06-18T06:47:19+00:00","dateModified":"2022-06-19T08:04:31+00:00","description":"Retrouvez des exemples de r\u00e9alisations de votre cordonnerie Saint-H\u00e9lier \u00e0 Rennes. Si vous avez des questions n'h\u00e9sitez pas \u00e0 venir nous voir.","breadcrumb":{"@id":"https:\/\/saint-helier-cordo.fr\/index.php\/realisations\/#breadcrumb"},"inLanguage":"fr-FR","potentialAction":[{"@type":"ReadAction","target":["https:\/\/saint-helier-cordo.fr\/index.php\/realisations\/"]}]},{"@type":"BreadcrumbList","@id":"https:\/\/saint-helier-cordo.fr\/index.php\/realisations\/#breadcrumb","itemListElement":[{"@type":"ListItem","position":1,"name":"Accueil","item":"https:\/\/saint-helier-cordo.fr\/"},{"@type":"ListItem","position":2,"name":"R\u00e9alisations"}]},{"@type":"WebSite","@id":"https:\/\/saint-helier-cordo.fr\/#website","url":"https:\/\/saint-helier-cordo.fr\/","name":"Cordonnerie Saint-H\u00e9lier","description":"Venez r\u00e9parer vos chaussures et faire vos doubles de cl\u00e9s dans votre cordonnerie Saint-H\u00e9lier \u00e0 Rennes.","publisher":{"@id":"https:\/\/saint-helier-cordo.fr\/#organization"},"potentialAction":[{"@type":"SearchAction","target":{"@type":"EntryPoint","urlTemplate":"https:\/\/saint-helier-cordo.fr\/?s={search_term_string}"},"query-input":{"@type":"PropertyValueSpecification","valueRequired":true,"valueName":"search_term_string"}}],"inLanguage":"fr-FR"},{"@type":"Organization","@id":"https:\/\/saint-helier-cordo.fr\/#organization","name":"Cordonnerie Saint-H\u00e9lier","url":"https:\/\/saint-helier-cordo.fr\/","logo":{"@type":"ImageObject","inLanguage":"fr-FR","@id":"https:\/\/saint-helier-cordo.fr\/#\/schema\/logo\/image\/","url":"https:\/\/saint-helier-cordo.fr\/wp-content\/uploads\/2022\/05\/Logo-Cordonnerie-Saint-Helier-Final-bleu.png","contentUrl":"https:\/\/saint-helier-cordo.fr\/wp-content\/uploads\/2022\/05\/Logo-Cordonnerie-Saint-Helier-Final-bleu.png","width":1685,"height":1709,"caption":"Cordonnerie Saint-H\u00e9lier"},"image":{"@id":"https:\/\/saint-helier-cordo.fr\/#\/schema\/logo\/image\/"},"sameAs":["https:\/\/www.facebook.com\/Cordonnerie-Saint-Hlier-116878214343451","https:\/\/www.instagram.com\/cordonneriesainthelier\/"]}]}},"_links":{"self":[{"href":"https:\/\/saint-helier-cordo.fr\/index.php\/wp-json\/wp\/v2\/pages\/102","targetHints":{"allow":["GET"]}}],"collection":[{"href":"https:\/\/saint-helier-cordo.fr\/index.php\/wp-json\/wp\/v2\/pages"}],"about":[{"href":"https:\/\/saint-helier-cordo.fr\/index.php\/wp-json\/wp\/v2\/types\/page"}],"author":[{"embeddable":true,"href":"https:\/\/saint-helier-cordo.fr\/index.php\/wp-json\/wp\/v2\/users\/2"}],"replies":[{"embeddable":true,"href":"https:\/\/saint-helier-cordo.fr\/index.php\/wp-json\/wp\/v2\/comments?post=102"}],"version-history":[{"count":0,"href":"https:\/\/saint-helier-cordo.fr\/index.php\/wp-json\/wp\/v2\/pages\/102\/revisions"}],"wp:attachment":[{"href":"https:\/\/saint-helier-cordo.fr\/index.php\/wp-json\/wp\/v2\/media?parent=102"}],"curies":[{"name":"wp","href":"https:\/\/api.w.org\/{rel}","templated":true}]}}